{"id":9021,"date":"2023-12-05T11:05:24","date_gmt":"2023-12-05T14:05:24","guid":{"rendered":"https:\/\/imaginart.shop\/?post_type=product&#038;p=9021"},"modified":"2023-12-05T11:05:24","modified_gmt":"2023-12-05T14:05:24","slug":"camisa-mfitc","status":"publish","type":"product","link":"https:\/\/imaginart.shop\/index.php\/product\/camisa-mfitc\/","title":{"rendered":"Camisa MFITC"},"content":{"rendered":"<p>Utilizamos na confec\u00e7\u00e3o de nossas camisetas 100% algod\u00e3o fio 30.1 penteada. As camisetas de algod\u00e3o de forma ind\u00edscutivel ser\u00e3o sempre as preferidas por sua maciez e conforto.<\/p>\n<p>Cuide de Mim<br \/>\nLavagem \u00e0 maquina de acordo com as instru\u00e7\u00f5es na etiqueta de cuidados.<br \/>\nAs pe\u00e7as podem apresentar encolhimento de at\u00e9 5% ap\u00f3s a primeira lavagem.<\/p>\n<p>IMPORTANTE<br \/>\nRecomendamos que voc\u00ea use a camiseta sem modera\u00e7\u00e3o para aproveitar cada um de seus momentos mais especias!<\/p>\n<p>OBSERVA\u00c7\u00c3O 1: Entrar em contato conosco caso queira outra cor de camisa<br \/>\nOBSERVA\u00c7\u00c3O 2: as cores da estampa podem variar conforme a configura\u00e7\u00e3o de cada monitor<\/p>\n","protected":false},"excerpt":{"rendered":"<p><strong>Fa\u00e7a parte dessa hist\u00f3ria, vestindo-se de exclusividade e qualidade. Nossos produtos s\u00e3o pensados desde a primeira parte do processo para entregar ao p\u00fablico qualidade e pre\u00e7o justo.<\/strong><\/p>\n<p><strong>&#8211; Feito de f\u00e3 para f\u00e3!<\/strong><\/p>\n<p><strong>&#8211; Malha confort\u00e1vel, 100% algod\u00e3o &#8211; Fio 30.1 &#8211; Penteada. ou 100% poli\u00e9ster<\/strong><\/p>\n<p><strong>&#8211; Estampa de alta qualidade.\u00a0<\/strong><\/p>\n","protected":false},"featured_media":9033,"comment_status":"open","ping_status":"closed","template":"","meta":{"inline_featured_image":false},"product_cat":[156,146,160],"product_tag":[],"class_list":["post-9021","product","type-product","status-publish","has-post-thumbnail","hentry","product_cat-camisas","product_cat-diversas","product_cat-todas"],"_links":{"self":[{"href":"https:\/\/imaginart.shop\/index.php\/wp-json\/wp\/v2\/product\/9021"}],"collection":[{"href":"https:\/\/imaginart.shop\/index.php\/wp-json\/wp\/v2\/product"}],"about":[{"href":"https:\/\/imaginart.shop\/index.php\/wp-json\/wp\/v2\/types\/product"}],"replies":[{"embeddable":true,"href":"https:\/\/imaginart.shop\/index.php\/wp-json\/wp\/v2\/comments?post=9021"}],"wp:featuredmedia":[{"embeddable":true,"href":"https:\/\/imaginart.shop\/index.php\/wp-json\/wp\/v2\/media\/9033"}],"wp:attachment":[{"href":"https:\/\/imaginart.shop\/index.php\/wp-json\/wp\/v2\/media?parent=9021"}],"wp:term":[{"taxonomy":"product_cat","embeddable":true,"href":"https:\/\/imaginart.shop\/index.php\/wp-json\/wp\/v2\/product_cat?post=9021"},{"taxonomy":"product_tag","embeddable":true,"href":"https:\/\/imaginart.shop\/index.php\/wp-json\/wp\/v2\/product_tag?post=9021"}],"curies":[{"name":"wp","href":"https:\/\/api.w.org\/{rel}","templated":true}]}}